{"id":3307,"date":"2019-02-04T13:32:36","date_gmt":"2019-02-04T11:32:36","guid":{"rendered":"http:\/\/s950243443.websitehome.co.uk\/?page_id=3307"},"modified":"2019-06-05T12:23:59","modified_gmt":"2019-06-05T10:23:59","slug":"location","status":"publish","type":"page","link":"https:\/\/ionianeye.com\/de\/location\/","title":{"rendered":"Standort"},"content":{"rendered":"<\/div><\/div><\/div><!-- close content main div --><\/div><\/div><div id='av_section_1' class='avia-section main_color avia-section-default avia-no-shadow avia-bg-style-fixed   container_wrap sidebar_right' style=' '   style=' ' ><div class='container' ><div class='template-page content  av-content-small alpha units'><div class='post-entry post-entry-type-page post-entry-3307'><div class='entry-content-wrapper clearfix'>\n<div class=\"flex_column av_one_half  flex_column_div first  \" ><section class=\"av_textblock_section \"  itemscope=\"itemscope\" itemtype=\"https:\/\/schema.org\/CreativeWork\" ><div class='avia_textblock  '   itemprop=\"text\" ><h3><strong>S\u00fcdos<\/strong><strong>t Corfu<\/strong><\/h3>\n<p>Der S\u00fcdosten von Korfu ist der perfekte Ort f\u00fcr einen Urlaub auf der Insel, wann immer Sie sich zu einem Besuch entschlie\u00dfen. Am Anfang und am Ende der Sommersaison ist das Wetter ideal f\u00fcr Wanderungen oder Radtouren in die nahe gelegenen, hoch \u00fcber dem Meeresspiegel gelegenen D\u00f6rfer. In den schattigen Olivenhainen gibt es reichlich Wildblumen, tausende Gl\u00fchw\u00fcrmchen erleuchten den Abendhimmel.<\/p>\n<p>Der Korrision-See ist ein Paradies f\u00fcr Vogelbetrachter und Liebhaber der Natur und wilden Tiere. Trotz der Hitze im Sommer bleibt die Gegend aufgrund des reichlichen Regens in den Wintermonaten immer noch bemerkenswert gr\u00fcn. Sie k\u00f6nnen aber im klaren Ionischen Meer schwimmen und schnorcheln.<\/p>\n<h3><strong>Ionisches Meer<\/strong><\/h3>\n<p>Der S\u00fcden von Korfu ist reich an Geschichte. R\u00f6mische B\u00e4der wurden in vielen Orten entdeckt und Messonghi ist eine gute Ausgangsbasis f\u00fcr die Erkundung der Insel mit einem Auto. In der N\u00e4he von Messonghi gibt es die Ruinen einer mittelalterlichen Burg und ein katholisches Kloster. Nach einer Autofahrt von ca. 15 Minuten in Richtung Nord, oberhalb des Fischerdorfs Benitses, k\u00f6nnen Sie das \u201eAchilleion\u201c besichtigen, den Palast der Kaiserin Elisabeth (Sissy) von \u00d6sterreich, gewidmet an den altgriechischen Halbgott Achilles. In den sch\u00f6nen und gepflegten G\u00e4rten ausgedehnten gibt es zahlreiche altgriechische Statuen und von hier aus ist die Sicht aufs Ionische Meer und die gr\u00fcne Insel einmalig.<\/p>\n<p>Im Westen der Insel gibt es traditionelle Olivenm\u00fchlen, die das bekannte Oliven\u00f6l herstellen.<\/p>\n<\/div><\/section><\/div><div class=\"flex_column av_one_half  flex_column_div   \" ><section class=\"av_textblock_section \"  itemscope=\"itemscope\" itemtype=\"https:\/\/schema.org\/CreativeWork\" ><div class='avia_textblock  '   itemprop=\"text\" ><h3><strong>Messonghi Beach<\/strong><\/h3>\n<p>Das Dorf Messonghi ist seit mindestens vierzig Jahren ein beliebtes Urlaubsziel. Es ist bekannt f\u00fcr die netten und freundlichen Einheimischen und bietet alles, was Ihren Aufenthalt auf Korfu perfekt macht. Der Strand ist mit Kies Belegt und das Meer flach, ohne starken Wellengang oder Str\u00f6mungen.<\/p>\n<p>In diesem Ferienort gibt es reichliche Superm\u00e4rkte mit vollem Anbot an Produkten, eine B\u00e4ckerei, einheimische K\u00fcnstler, die ihre Kreationen verkaufen, und nat\u00fcrlich eine ausgezeichnete Auswahl an Tavernen und Strandrestaurants, die traditionelle griechische und internationale Gerichte servieren. Mehrere Bars, ideal f\u00fcr einen Drink vor dem Abendessen oder einen Cocktail zum Entspannen abends. Nach Korfu-Stadt und zu den anderen Ferienorten gibt es einen guten Busservice, womit Messonghi zu einem idealen Ausgangspunkt f\u00fcr die Erkundung der Insel wird.<\/p>\n<h3><strong>Historischer Wert<\/strong><\/h3>\n<p>Der S\u00fcden von Korfu ist reich an Geschichte. R\u00f6mische B\u00e4der wurden in vielen Orten entdeckt und Messonghi ist eine gute Ausgangsbasis f\u00fcr die Erkundung der Insel mit einem Auto. In der N\u00e4he von Messonghi gibt es die Ruinen einer mittelalterlichen Burg und ein katholisches Kloster. Nach einer Autofahrt von ca. 15 Minuten in Richtung Nord, oberhalb des Fischerdorfs Benitses, k\u00f6nnen Sie das \u201eAchilleion\u201c besichtigen, den Palast der Kaiserin Elisabeth (Sissy) von \u00d6sterreich, gewidmet an den altgriechischen Halbgott Achilles. In den sch\u00f6nen und gepflegten G\u00e4rten ausgedehnten gibt es zahlreiche altgriechische Statuen und von hier aus ist die Sicht aufs Ionische Meer und die gr\u00fcne Insel einmalig.<\/p>\n<p>Im Westen der Insel gibt es traditionelle Olivenm\u00fchlen, die das bekannte Oliven\u00f6l herstellen.<\/p>\n<\/div><\/section><\/div><\/div><\/div><\/div><!-- close content main div --><\/div><\/div><div id='after_section_1' class='main_color av_default_container_wrap container_wrap sidebar_right' style=' '   style=' ' ><div class='container' ><div class='template-page content  av-content-small alpha units'><div class='post-entry post-entry-type-page post-entry-3307'><div class='entry-content-wrapper clearfix'>\n","protected":false},"excerpt":{"rendered":"","protected":false},"author":1,"featured_media":0,"parent":0,"menu_order":0,"comment_status":"open","ping_status":"closed","template":"","meta":{"footnotes":""},"class_list":["post-3307","page","type-page","status-publish","hentry"],"_links":{"self":[{"href":"https:\/\/ionianeye.com\/de\/wp-json\/wp\/v2\/pages\/3307","targetHints":{"allow":["GET"]}}],"collection":[{"href":"https:\/\/ionianeye.com\/de\/wp-json\/wp\/v2\/pages"}],"about":[{"href":"https:\/\/ionianeye.com\/de\/wp-json\/wp\/v2\/types\/page"}],"author":[{"embeddable":true,"href":"https:\/\/ionianeye.com\/de\/wp-json\/wp\/v2\/users\/1"}],"replies":[{"embeddable":true,"href":"https:\/\/ionianeye.com\/de\/wp-json\/wp\/v2\/comments?post=3307"}],"version-history":[{"count":10,"href":"https:\/\/ionianeye.com\/de\/wp-json\/wp\/v2\/pages\/3307\/revisions"}],"predecessor-version":[{"id":4485,"href":"https:\/\/ionianeye.com\/de\/wp-json\/wp\/v2\/pages\/3307\/revisions\/4485"}],"wp:attachment":[{"href":"https:\/\/ionianeye.com\/de\/wp-json\/wp\/v2\/media?parent=3307"}],"curies":[{"name":"wp","href":"https:\/\/api.w.org\/{rel}","templated":true}]}}