{"id":3281,"date":"2018-12-22T14:36:25","date_gmt":"2018-12-22T12:36:25","guid":{"rendered":"http:\/\/s950243443.websitehome.co.uk\/messonghi-corfu-spa\/"},"modified":"2025-02-14T17:19:20","modified_gmt":"2025-02-14T15:19:20","slug":"messonghi-corfu-spa","status":"publish","type":"page","link":"https:\/\/ionianeye.com\/de\/messonghi-corfu-spa\/","title":{"rendered":"Messonghi Korfu Spa"},"content":{"rendered":"<\/div><\/div><\/div><!-- close content main div --><\/div><\/div><div id='av_section_1' class='avia-section main_color avia-section-default avia-no-shadow avia-bg-style-fixed   container_wrap sidebar_right' style='background-color: #333333;  '   style='background-color: #333333;  ' ><div class='container' ><div class='template-page content  av-content-small alpha units'><div class='post-entry post-entry-type-page post-entry-3281'><div class='entry-content-wrapper clearfix'>\n<div class=\"flex_column av_two_third  flex_column_div av-zero-column-padding first  \" style='border-radius:0px; '><section class=\"av_textblock_section \"  itemscope=\"itemscope\" itemtype=\"https:\/\/schema.org\/CreativeWork\" ><div class='avia_textblock  '   itemprop=\"text\" ><h3><span style=\"color: #ffffff;\">Four Elements Spaim S&uuml;den von Korfu<\/p>\n<p>Eine neue Erg&auml;nzung des Ionian Eye seit 2020 ist das Four Elements Spa, der ultimative Wellness-Ort, um Ihr Wohlbefinden wiederherzustellen und Ihre Sinne zu verw&ouml;hnen.<\/p>\n<p>Indem Sie im Whirlpool entspannen, bauen Sie den Stress ab, der mit der modernen Arbeitswelt verbunden ist. Unsere Behandlungen, die von unserem Therapeuten speziell auf die vier Elemente Wasser, Luft, Erde und Feuer abgestimmt wurden, helfen dabei, K&ouml;rper, Geist und Seele zu entgiften und mit Energie zu versorgen.<\/span><\/h3>\n<\/div><\/section><\/div><div class=\"flex_column av_three_fifth  flex_column_div first  \" ><div class='avia-gallery  avia-gallery-1 avia_lazyload avia-gallery-animate avia_animate_when_visible '  itemprop=\"ImageObject\" itemscope=\"itemscope\" itemtype=\"https:\/\/schema.org\/ImageObject\" ><div class='avia-gallery-thumb'> <a href='https:\/\/ionianeye.com\/wp-content\/uploads\/2018\/12\/IMG_6145-1030x772.jpg' data-rel='gallery-1' data-prev-img='https:\/\/ionianeye.com\/wp-content\/uploads\/2018\/12\/IMG_6145-495x400.jpg' class='first_thumb lightbox ' data-onclick='1' title='spa corfu'  itemprop=\"thumbnailUrl\" ><img data-avia-tooltip='spa corfu' src='https:\/\/ionianeye.com\/wp-content\/uploads\/2018\/12\/IMG_6145.jpg' width='1331' height='998'  title='IMG_6145' alt='' \/><\/a> <a href='https:\/\/ionianeye.com\/wp-content\/uploads\/2018\/12\/IMG_6150-1030x772.jpg' data-rel='gallery-1' data-prev-img='https:\/\/ionianeye.com\/wp-content\/uploads\/2018\/12\/IMG_6150-495x400.jpg' class='lightbox ' data-onclick='2' title='hotel spa corfu'  itemprop=\"thumbnailUrl\" ><img data-avia-tooltip='hotel spa corfu' src='https:\/\/ionianeye.com\/wp-content\/uploads\/2018\/12\/IMG_6150.jpg' width='1331' height='998'  title='IMG_6150' alt='' \/><\/a> <a href='https:\/\/ionianeye.com\/wp-content\/uploads\/2018\/12\/IMG_6159-1030x772.jpg' data-rel='gallery-1' data-prev-img='https:\/\/ionianeye.com\/wp-content\/uploads\/2018\/12\/IMG_6159-495x400.jpg' class='lightbox ' data-onclick='3' title='four elements spa corfu'  itemprop=\"thumbnailUrl\" ><img data-avia-tooltip='four elements spa corfu' src='https:\/\/ionianeye.com\/wp-content\/uploads\/2018\/12\/IMG_6159.jpg' width='1331' height='998'  title='IMG_6159' alt='' \/><\/a> <a href='https:\/\/ionianeye.com\/wp-content\/uploads\/2018\/12\/IMG_6162-1030x772.jpg' data-rel='gallery-1' data-prev-img='https:\/\/ionianeye.com\/wp-content\/uploads\/2018\/12\/IMG_6162-495x400.jpg' class='first_thumb lightbox ' data-onclick='4' title='luxury spa corfu'  itemprop=\"thumbnailUrl\" ><img data-avia-tooltip='luxury spa corfu' src='https:\/\/ionianeye.com\/wp-content\/uploads\/2018\/12\/IMG_6162.jpg' width='1331' height='998'  title='IMG_6162' alt='' \/><\/a> <a href='https:\/\/ionianeye.com\/wp-content\/uploads\/2018\/12\/IMG_6165-1030x772.jpg' data-rel='gallery-1' data-prev-img='https:\/\/ionianeye.com\/wp-content\/uploads\/2018\/12\/IMG_6165-495x400.jpg' class='lightbox ' data-onclick='5' title='ionian eye spa'  itemprop=\"thumbnailUrl\" ><img data-avia-tooltip='ionian eye spa' src='https:\/\/ionianeye.com\/wp-content\/uploads\/2018\/12\/IMG_6165.jpg' width='1331' height='998'  title='IMG_6165' alt='' \/><\/a> <a href='https:\/\/ionianeye.com\/wp-content\/uploads\/2018\/12\/IMG_6167-1030x772.jpg' data-rel='gallery-1' data-prev-img='https:\/\/ionianeye.com\/wp-content\/uploads\/2018\/12\/IMG_6167-495x400.jpg' class='lightbox ' data-onclick='6' title='spa corfu'  itemprop=\"thumbnailUrl\" ><img data-avia-tooltip='spa corfu' src='https:\/\/ionianeye.com\/wp-content\/uploads\/2018\/12\/IMG_6167.jpg' width='1331' height='998'  title='IMG_6167' alt='' \/><\/a><\/div><\/div><\/div><\/div><\/div><\/div><!-- close content main div --><\/div><\/div><div id='after_section_1' class='main_color av_default_container_wrap container_wrap sidebar_right' style=' '   style=' ' ><div class='container' ><div class='template-page content  av-content-small alpha units'><div class='post-entry post-entry-type-page post-entry-3281'><div class='entry-content-wrapper clearfix'><\/div><\/div><\/div><!-- close content main div --><\/div><\/div><div id='av_section_2' class='avia-section main_color avia-section-default avia-no-shadow avia-bg-style-scroll   container_wrap sidebar_right' style='background-color: #dfdbc8;  '   style='background-color: #dfdbc8;  ' ><div class='container' ><div class='template-page content  av-content-small alpha units'><div class='post-entry post-entry-type-page post-entry-3281'><div class='entry-content-wrapper clearfix'>\n<div class=\"flex_column av_one_third  flex_column_div first  \" ><div class='avia-gallery  avia-gallery-2 avia_lazyload avia-gallery-animate avia_animate_when_visible '  itemprop=\"ImageObject\" itemscope=\"itemscope\" itemtype=\"https:\/\/schema.org\/ImageObject\" ><div class='avia-gallery-thumb'> <a href='https:\/\/ionianeye.com\/wp-content\/uploads\/2018\/12\/IMG_6140-1030x772.jpg' data-rel='gallery-2' data-prev-img='https:\/\/ionianeye.com\/wp-content\/uploads\/2018\/12\/IMG_6140-495x400.jpg' class='first_thumb lightbox ' data-onclick='1' title=''  itemprop=\"thumbnailUrl\" ><img  src='https:\/\/ionianeye.com\/wp-content\/uploads\/2018\/12\/IMG_6140-495x400.jpg' width='495' height='400'  title='IMG_6140' alt='' \/><\/a><\/div><\/div><\/div><div class=\"flex_column av_two_third  flex_column_div   \" ><section class=\"av_textblock_section \"  itemscope=\"itemscope\" itemtype=\"https:\/\/schema.org\/CreativeWork\" ><div class='avia_textblock  '   itemprop=\"text\" ><h3><span lang=\"de\" tabindex=\"0\">Unsere Therapeuten<\/span><i><\/i><\/h3>\n<p>Unsere Therapeutin Matina hat in Thessaloniki die Kunst der traditionellen schwedischen Massage gelernt. Ihre Behandlungen \u00f6ffnen Gelenke und dehnen Muskeln; sie verwendet nicht nur ihre H\u00e4nde, sondern auch ihre Knie, Ellbogen und ihr K\u00f6rpergewicht und hilft Ihnen mit Yoga-Dehnungen und -Stellungen, die Ihren schmerzenden K\u00f6rper lindern.<\/p>\n<\/div><\/section><\/div>\n<\/div><\/div><\/div><!-- close content main div --><\/div><\/div><div id='after_section_2' class='main_color av_default_container_wrap container_wrap sidebar_right' style=' '   style=' ' ><div class='container' ><div class='template-page content  av-content-small alpha units'><div class='post-entry post-entry-type-page post-entry-3281'><div class='entry-content-wrapper clearfix'><\/p>\n<\/div><\/div><\/div><!-- close content main div --><\/div><\/div><div id='av_section_3' class='avia-section main_color avia-section-default avia-no-shadow avia-bg-style-scroll   container_wrap sidebar_right' style='background-color: #dfdbc8;  '   style='background-color: #dfdbc8;  ' ><div class='container' ><div class='template-page content  av-content-small alpha units'><div class='post-entry post-entry-type-page post-entry-3281'><div class='entry-content-wrapper clearfix'>\n<div class=\"flex_column av_one_third  flex_column_div first  \" ><div class='avia-gallery  avia-gallery-3 avia_lazyload avia-gallery-animate avia_animate_when_visible '  itemprop=\"ImageObject\" itemscope=\"itemscope\" itemtype=\"https:\/\/schema.org\/ImageObject\" ><div class='avia-gallery-thumb'> <a href='https:\/\/ionianeye.com\/wp-content\/uploads\/2018\/12\/IMG_6152-1030x772.jpg' data-rel='gallery-3' data-prev-img='https:\/\/ionianeye.com\/wp-content\/uploads\/2018\/12\/IMG_6152-495x400.jpg' class='first_thumb lightbox ' data-onclick='1' title=''  itemprop=\"thumbnailUrl\" ><img  src='https:\/\/ionianeye.com\/wp-content\/uploads\/2018\/12\/IMG_6152-495x400.jpg' width='495' height='400'  title='IMG_6152' alt='' \/><\/a> <a href='https:\/\/ionianeye.com\/wp-content\/uploads\/2018\/12\/IMG_6167-1030x772.jpg' data-rel='gallery-3' data-prev-img='https:\/\/ionianeye.com\/wp-content\/uploads\/2018\/12\/IMG_6167-495x400.jpg' class='first_thumb lightbox ' data-onclick='2' title='spa corfu'  itemprop=\"thumbnailUrl\" ><img data-avia-tooltip='spa corfu' src='https:\/\/ionianeye.com\/wp-content\/uploads\/2018\/12\/IMG_6167-495x400.jpg' width='495' height='400'  title='IMG_6167' alt='' \/><\/a><\/div><\/div><\/div><div class=\"flex_column av_two_third  flex_column_div   \" ><section class=\"av_textblock_section \"  itemscope=\"itemscope\" itemtype=\"https:\/\/schema.org\/CreativeWork\" ><div class='avia_textblock  '   itemprop=\"text\" ><h3>Vir k\u00fcmmern uns um unsere G\u00e4ste<\/h3>\n<p>Das Four Elements Spa wurde entwickelt, um die therapeutische Kraft des Meeres zu maximieren und Ihren Aufenthalt im Ionian Eye zu erg\u00e4nzen und zu verbessern.<\/p>\n<p>Die Behandlungen und Massagen k\u00f6nnen von ein oder zwei Personen genossen werden.<\/p>\n<p>Dies ist das einzige Spa in der Region Messonghi. Eine Reservierung ist unbedingt erforderlich<\/p>\n<\/div><\/section><\/div>\n<\/div><\/div><\/div><!-- close content main div --><\/div><\/div><div id='after_section_3' class='main_color av_default_container_wrap container_wrap sidebar_right' style=' '   style=' ' ><div class='container' ><div class='template-page content  av-content-small alpha units'><div class='post-entry post-entry-type-page post-entry-3281'><div class='entry-content-wrapper clearfix'>\n","protected":false},"excerpt":{"rendered":"","protected":false},"author":1,"featured_media":0,"parent":0,"menu_order":0,"comment_status":"closed","ping_status":"closed","template":"","meta":{"footnotes":""},"class_list":["post-3281","page","type-page","status-publish","hentry"],"_links":{"self":[{"href":"https:\/\/ionianeye.com\/de\/wp-json\/wp\/v2\/pages\/3281","targetHints":{"allow":["GET"]}}],"collection":[{"href":"https:\/\/ionianeye.com\/de\/wp-json\/wp\/v2\/pages"}],"about":[{"href":"https:\/\/ionianeye.com\/de\/wp-json\/wp\/v2\/types\/page"}],"author":[{"embeddable":true,"href":"https:\/\/ionianeye.com\/de\/wp-json\/wp\/v2\/users\/1"}],"replies":[{"embeddable":true,"href":"https:\/\/ionianeye.com\/de\/wp-json\/wp\/v2\/comments?post=3281"}],"version-history":[{"count":15,"href":"https:\/\/ionianeye.com\/de\/wp-json\/wp\/v2\/pages\/3281\/revisions"}],"predecessor-version":[{"id":27861,"href":"https:\/\/ionianeye.com\/de\/wp-json\/wp\/v2\/pages\/3281\/revisions\/27861"}],"wp:attachment":[{"href":"https:\/\/ionianeye.com\/de\/wp-json\/wp\/v2\/media?parent=3281"}],"curies":[{"name":"wp","href":"https:\/\/api.w.org\/{rel}","templated":true}]}}