{"id":3276,"date":"2017-10-24T11:29:50","date_gmt":"2017-10-24T09:29:50","guid":{"rendered":"http:\/\/s950243443.websitehome.co.uk\/pool-bar\/"},"modified":"2019-06-14T15:56:46","modified_gmt":"2019-06-14T13:56:46","slug":"pool-bar","status":"publish","type":"page","link":"https:\/\/ionianeye.com\/de\/pool-bar\/","title":{"rendered":"Die Serene Bar"},"content":{"rendered":"<\/div><\/div><\/div><!-- close content main div --><\/div><\/div><div id='av_section_1' class='avia-section main_color avia-section-default avia-no-shadow avia-bg-style-fixed   container_wrap sidebar_right' style='background-color: #333333;  '   style='background-color: #333333;  ' ><div class='container' ><div class='template-page content  av-content-small alpha units'><div class='post-entry post-entry-type-page post-entry-3276'><div class='entry-content-wrapper clearfix'>\n<div class=\"flex_column av_two_third  flex_column_div first  \" ><section class=\"av_textblock_section \"  itemscope=\"itemscope\" itemtype=\"https:\/\/schema.org\/CreativeWork\" ><div class='avia_textblock  '   itemprop=\"text\" ><h3><span style=\"color: #ffffff;\">Die Serene Poolbar<\/span><\/h3>\n<p><span style=\"color: #ffffff;\">Tauchen Sie ein in die Entspannung<\/span><\/p>\n<p><span style=\"color: #ffffff;\">Die Serene Pool Bar bietet eine sich st\u00e4ndig ver\u00e4ndernde Kulisse, in der Sie ein erfrischendes Getr\u00e4nk genie\u00dfen k\u00f6nnen, w\u00e4hrend Sie am Pool entspannen und die Sonne genie\u00dfen. Wenn die Sonne untergeht, schaffen die Rosa und Purpur des Abends das perfekte Ambiente f\u00fcr einen Aperitif. Sp\u00e4ter, bei Vollmond, ist es der ideale Zwischenstopp f\u00fcr einen letzten Cocktail vor dem Schlafengehen.<\/span><\/p>\n<p><span style=\"color: #ffffff;\">Genie\u00dfen Sie erfrischende Cocktails, Getr\u00e4nke, Kaffee, Snacks und Geb\u00e4ck. Im Poolbereich sind nur Erwachsene erlaubt.<\/span><\/p>\n<\/div><\/section><\/div><div class=\"flex_column av_one_third  flex_column_div   \" ><div class='avia-gallery  avia-gallery-1 avia_lazyload avia-gallery-animate avia_animate_when_visible '  itemprop=\"ImageObject\" itemscope=\"itemscope\" itemtype=\"https:\/\/schema.org\/ImageObject\" ><div class='avia-gallery-thumb'> <a href='https:\/\/ionianeye.com\/wp-content\/uploads\/2013\/08\/serene-bar-ionian-eye-1030x686.jpg' data-rel='gallery-1' data-prev-img='https:\/\/ionianeye.com\/wp-content\/uploads\/2013\/08\/serene-bar-ionian-eye-495x400.jpg' class='first_thumb lightbox ' data-onclick='1' title=''  itemprop=\"thumbnailUrl\" ><img  src='https:\/\/ionianeye.com\/wp-content\/uploads\/2013\/08\/serene-bar-ionian-eye.jpg' width='1200' height='800'  title='serene bar ionian eye' alt='' \/><\/a> <a href='https:\/\/ionianeye.com\/wp-content\/uploads\/2013\/08\/SerenePoolBar-1030x686.jpg' data-rel='gallery-1' data-prev-img='https:\/\/ionianeye.com\/wp-content\/uploads\/2013\/08\/SerenePoolBar-495x400.jpg' class='lightbox ' data-onclick='2' title=''  itemprop=\"thumbnailUrl\" ><img  src='https:\/\/ionianeye.com\/wp-content\/uploads\/2013\/08\/SerenePoolBar.jpg' width='1200' height='800'  title='SerenePoolBar' alt='' \/><\/a> <a href='https:\/\/ionianeye.com\/wp-content\/uploads\/2013\/08\/IonianEyePool-by-night-2-1030x686.jpg' data-rel='gallery-1' data-prev-img='https:\/\/ionianeye.com\/wp-content\/uploads\/2013\/08\/IonianEyePool-by-night-2-495x400.jpg' class='first_thumb lightbox ' data-onclick='3' title=''  itemprop=\"thumbnailUrl\" ><img  src='https:\/\/ionianeye.com\/wp-content\/uploads\/2013\/08\/IonianEyePool-by-night-2.jpg' width='1200' height='800'  title='IonianEyePool by night 2' alt='' \/><\/a> <a href='https:\/\/ionianeye.com\/wp-content\/uploads\/2013\/08\/serenebar-1030x686.jpg' data-rel='gallery-1' data-prev-img='https:\/\/ionianeye.com\/wp-content\/uploads\/2013\/08\/serenebar-495x400.jpg' class='lightbox ' data-onclick='4' title=''  itemprop=\"thumbnailUrl\" ><img  src='https:\/\/ionianeye.com\/wp-content\/uploads\/2013\/08\/serenebar.jpg' width='1200' height='800'  title='serenebar' alt='' \/><\/a> <a href='https:\/\/ionianeye.com\/wp-content\/uploads\/2013\/08\/Ionian-Eye-Pool-by-night-1030x686.jpg' data-rel='gallery-1' data-prev-img='https:\/\/ionianeye.com\/wp-content\/uploads\/2013\/08\/Ionian-Eye-Pool-by-night-495x400.jpg' class='first_thumb lightbox ' data-onclick='5' title=''  itemprop=\"thumbnailUrl\" ><img  src='https:\/\/ionianeye.com\/wp-content\/uploads\/2013\/08\/Ionian-Eye-Pool-by-night.jpg' width='1200' height='800'  title='Ionian Eye Pool by night' alt='' \/><\/a> <a href='https:\/\/ionianeye.com\/wp-content\/uploads\/2013\/08\/IonianEyeBarMessonghi-1030x686.jpg' data-rel='gallery-1' data-prev-img='https:\/\/ionianeye.com\/wp-content\/uploads\/2013\/08\/IonianEyeBarMessonghi-495x400.jpg' class='lightbox ' data-onclick='6' title=''  itemprop=\"thumbnailUrl\" ><img  src='https:\/\/ionianeye.com\/wp-content\/uploads\/2013\/08\/IonianEyeBarMessonghi.jpg' width='1200' height='800'  title='IonianEyeBarMessonghi' alt='' \/><\/a> <a href='https:\/\/ionianeye.com\/wp-content\/uploads\/2013\/08\/bar-1030x686.jpg' data-rel='gallery-1' data-prev-img='https:\/\/ionianeye.com\/wp-content\/uploads\/2013\/08\/bar-495x400.jpg' class='first_thumb lightbox ' data-onclick='7' title=''  itemprop=\"thumbnailUrl\" ><img  src='https:\/\/ionianeye.com\/wp-content\/uploads\/2013\/08\/bar.jpg' width='1200' height='800'  title='bar' alt='' \/><\/a> <a href='https:\/\/ionianeye.com\/wp-content\/uploads\/2017\/10\/bar-logo2.jpg' data-rel='gallery-1' data-prev-img='https:\/\/ionianeye.com\/wp-content\/uploads\/2017\/10\/bar-logo2-495x329.jpg' class='lightbox ' data-onclick='8' title=''  itemprop=\"thumbnailUrl\" ><img  src='https:\/\/ionianeye.com\/wp-content\/uploads\/2017\/10\/bar-logo2.jpg' width='542' height='329'  title='bar-logo2' alt='' \/><\/a><\/div><\/div><\/div><\/div><\/div><\/div><!-- close content main div --><\/div><\/div><div id='after_section_1' class='main_color av_default_container_wrap container_wrap sidebar_right' style=' '   style=' ' ><div class='container' ><div class='template-page content  av-content-small alpha units'><div class='post-entry post-entry-type-page post-entry-3276'><div class='entry-content-wrapper clearfix'>\n","protected":false},"excerpt":{"rendered":"","protected":false},"author":1,"featured_media":0,"parent":0,"menu_order":0,"comment_status":"closed","ping_status":"closed","template":"","meta":{"footnotes":""},"class_list":["post-3276","page","type-page","status-publish","hentry"],"_links":{"self":[{"href":"https:\/\/ionianeye.com\/de\/wp-json\/wp\/v2\/pages\/3276","targetHints":{"allow":["GET"]}}],"collection":[{"href":"https:\/\/ionianeye.com\/de\/wp-json\/wp\/v2\/pages"}],"about":[{"href":"https:\/\/ionianeye.com\/de\/wp-json\/wp\/v2\/types\/page"}],"author":[{"embeddable":true,"href":"https:\/\/ionianeye.com\/de\/wp-json\/wp\/v2\/users\/1"}],"replies":[{"embeddable":true,"href":"https:\/\/ionianeye.com\/de\/wp-json\/wp\/v2\/comments?post=3276"}],"version-history":[{"count":4,"href":"https:\/\/ionianeye.com\/de\/wp-json\/wp\/v2\/pages\/3276\/revisions"}],"predecessor-version":[{"id":3775,"href":"https:\/\/ionianeye.com\/de\/wp-json\/wp\/v2\/pages\/3276\/revisions\/3775"}],"wp:attachment":[{"href":"https:\/\/ionianeye.com\/de\/wp-json\/wp\/v2\/media?parent=3276"}],"curies":[{"name":"wp","href":"https:\/\/api.w.org\/{rel}","templated":true}]}}