{"id":3272,"date":"2013-08-15T16:32:36","date_gmt":"2013-08-15T16:32:36","guid":{"rendered":"http:\/\/s950243443.websitehome.co.uk\/amenities\/"},"modified":"2019-06-14T16:13:33","modified_gmt":"2019-06-14T14:13:33","slug":"amenities","status":"publish","type":"page","link":"https:\/\/ionianeye.com\/de\/amenities\/","title":{"rendered":"Ausstattung"},"content":{"rendered":"<\/div><\/div><\/div><!-- close content main div --><\/div><\/div><div id='av_section_1' class='avia-section alternate_color avia-section-default avia-no-shadow av-parallax-section avia-bg-style-parallax   container_wrap sidebar_right' style=' '  data-section-bg-repeat='no-repeat' style=' ' ><div class='av-parallax' data-avia-parallax-ratio='0.3' ><div class='av-parallax-inner alternate_color  avia-full-stretch' style = 'background-repeat: no-repeat; background-image: url(https:\/\/ionianeye.com\/wp-content\/uploads\/2013\/08\/41.jpg);background-attachment: scroll; background-position: bottom center; ' ><\/div><\/div><div class='container' ><div class='template-page content  av-content-small alpha units'><div class='post-entry post-entry-type-page post-entry-3272'><div class='entry-content-wrapper clearfix'>\n<div class=\"flex_column av_one_third  flex_column_div first  \" ><section class=\"av_textblock_section \"  itemscope=\"itemscope\" itemtype=\"https:\/\/schema.org\/CreativeWork\" ><div class='avia_textblock  '   itemprop=\"text\" ><div>\n<p><span style=\"color: #ffffff;\">Mit Liebe zum Detail und einem Auge f\u00fcr \u00e4sthetische Qualit\u00e4t wurde Ionian Eye zu einem hohen Standard von Studio-Apartments renoviert.<\/span><\/p>\n<p><span style=\"color: #ffffff;\">Ausgestattet mit doppelt verglasten Fenstern zum Filtern von W\u00e4rme und Schall sowie verschiebbaren Fliegengittern zeigt dies, dass alles getan wurde, um den G\u00e4sten den bestm\u00f6glichen Service zu bieten.<\/span><\/p>\n<p><span style=\"color: #ffffff;\">Alle Apartments sind voll klimatisiert und verf\u00fcgen \u00fcber ein kostenfreies WLAN.<\/span><\/p>\n<\/div>\n<\/div><\/section><\/div><div class=\"flex_column av_one_third  flex_column_div   \" ><div class='avia-icon-list-container  '><ul class='avia-icon-list avia-icon-list-left av-iconlist-big avia_animate_when_almost_visible avia-iconlist-animate'>\n<li><div  class='iconlist_icon  avia-font-entypo-fontello'><span class='iconlist-char ' aria-hidden='true' data-av_icon='\ue8ae' data-av_iconfont='entypo-fontello'><\/span><\/div><article class=\"article-icon-entry \"  itemscope=\"itemscope\" itemtype=\"https:\/\/schema.org\/CreativeWork\" ><div class='iconlist_content_wrap'><header class=\"entry-content-header\"><h4 class='av_iconlist_title iconlist_title  '  itemprop=\"headline\"  >Private Parkpl\u00e4tze<\/h4><\/header><div class='iconlist_content  '  itemprop=\"text\"  ><p><span style=\"color: #333333;\">Ihren Wagen k\u00f6nnen Sie an einer sicheren Stelle auf unserem eigenen Platz abstellen<\/span><\/p>\n<\/div><\/div><footer class=\"entry-footer\"><\/footer><\/article><div class='iconlist-timeline'><\/div><\/li>\n<li><div  class='iconlist_icon  avia-font-entypo-fontello'><span class='iconlist-char ' aria-hidden='true' data-av_icon='\ue853' data-av_iconfont='entypo-fontello'><\/span><\/div><article class=\"article-icon-entry \"  itemscope=\"itemscope\" itemtype=\"https:\/\/schema.org\/CreativeWork\" ><div class='iconlist_content_wrap'><header class=\"entry-content-header\"><h4 class='av_iconlist_title iconlist_title  '  itemprop=\"headline\"  >Freier Wifi-Zugang <\/h4><\/header><div class='iconlist_content  '  itemprop=\"text\"  ><p><span style=\"color: #333333;\">Alle Studios haben kostenlosen Internet Wifi-Zugang<\/span><\/p>\n<\/div><\/div><footer class=\"entry-footer\"><\/footer><\/article><div class='iconlist-timeline'><\/div><\/li>\n<li><div  class='iconlist_icon  avia-font-entypo-fontello'><span class='iconlist-char ' aria-hidden='true' data-av_icon='\ue891' data-av_iconfont='entypo-fontello'><\/span><\/div><article class=\"article-icon-entry \"  itemscope=\"itemscope\" itemtype=\"https:\/\/schema.org\/CreativeWork\" ><div class='iconlist_content_wrap'><header class=\"entry-content-header\"><h4 class='av_iconlist_title iconlist_title  '  itemprop=\"headline\"  >Klimaanlage<\/h4><\/header><div class='iconlist_content  '  itemprop=\"text\"  ><p><span style=\"color: #333333;\">Alle Studios sind vollklimatisiert \u2013 kein Zuschlag<\/span><\/p>\n<\/div><\/div><footer class=\"entry-footer\"><\/footer><\/article><div class='iconlist-timeline'><\/div><\/li>\n<li><div  class='iconlist_icon  avia-font-entypo-fontello'><span class='iconlist-char ' aria-hidden='true' data-av_icon='\ue8c2' data-av_iconfont='entypo-fontello'><\/span><\/div><article class=\"article-icon-entry \"  itemscope=\"itemscope\" itemtype=\"https:\/\/schema.org\/CreativeWork\" ><div class='iconlist_content_wrap'><header class=\"entry-content-header\"><h4 class='av_iconlist_title iconlist_title  '  itemprop=\"headline\"  >Privater Swimmingpool<\/h4><\/header><div class='iconlist_content  '  itemprop=\"text\"  ><p><span style=\"color: #333333;\">Auf Sie wartet eine private Pool-Anlage mit herrlicher Sichtspan<\/span><\/p>\n<\/div><\/div><footer class=\"entry-footer\"><\/footer><\/article><div class='iconlist-timeline'><\/div><\/li>\n<\/ul><\/div><\/div><div class=\"flex_column av_one_third  flex_column_div   \" ><div class='avia-icon-list-container  '><ul class='avia-icon-list avia-icon-list-left av-iconlist-big avia_animate_when_almost_visible avia-iconlist-animate'>\n<li><div  class='iconlist_icon  avia-font-entypo-fontello'><span class='iconlist-char ' aria-hidden='true' data-av_icon='\ue8b9' data-av_iconfont='entypo-fontello'><\/span><\/div><article class=\"article-icon-entry \"  itemscope=\"itemscope\" itemtype=\"https:\/\/schema.org\/CreativeWork\" ><div class='iconlist_content_wrap'><header class=\"entry-content-header\"><h4 class='av_iconlist_title iconlist_title  '  itemprop=\"headline\"  ><a href='http:\/\/s950243443.websitehome.co.uk\/de\/pool-bar\/' title='Poolbar'>Poolbar<\/a><\/h4><\/header><div class='iconlist_content  '  itemprop=\"text\"  ><p><span style=\"color: #333333;\">Eine brandneue Erg\u00e4nzung zu diesem Hotel. Die \u201eSerene Bar\u201c bietet eine ausgezeichnete Auswahl an leichten Speisen, gesunden Snacks und erfrischenden Cocktails.<\/span><\/p>\n<\/div><\/div><footer class=\"entry-footer\"><\/footer><\/article><div class='iconlist-timeline'><\/div><\/li>\n<li><div  class='iconlist_icon  avia-font-entypo-fontello'><span class='iconlist-char ' aria-hidden='true' data-av_icon='\ue866' data-av_iconfont='entypo-fontello'><\/span><\/div><article class=\"article-icon-entry \"  itemscope=\"itemscope\" itemtype=\"https:\/\/schema.org\/CreativeWork\" ><div class='iconlist_content_wrap'><header class=\"entry-content-header\"><h4 class='av_iconlist_title iconlist_title  '  itemprop=\"headline\"  >Liegen und Sonnenschirme<\/h4><\/header><div class='iconlist_content  '  itemprop=\"text\"  ><p><span style=\"color: #333333;\">Am Pool stehen unseren G\u00e4sten Liegen und Sonnenschirme kostenlos zur Verf\u00fcgung.<\/span><\/p>\n<\/div><\/div><footer class=\"entry-footer\"><\/footer><\/article><div class='iconlist-timeline'><\/div><\/li>\n<li><div  class='iconlist_icon  avia-font-entypo-fontello'><span class='iconlist-char ' aria-hidden='true' data-av_icon='\ue824' data-av_iconfont='entypo-fontello'><\/span><\/div><article class=\"article-icon-entry \"  itemscope=\"itemscope\" itemtype=\"https:\/\/schema.org\/CreativeWork\" ><div class='iconlist_content_wrap'><header class=\"entry-content-header\"><h4 class='av_iconlist_title iconlist_title  '  itemprop=\"headline\"  >Elektronischer Safe<\/h4><\/header><div class='iconlist_content  '  itemprop=\"text\"  ><p><span style=\"color: #333333;\">Alle Studios verf\u00fcgen \u00fcber einen elektronischen Safe in Gr\u00f6\u00dfe eines Laptops.<\/span><\/p>\n<\/div><\/div><footer class=\"entry-footer\"><\/footer><\/article><div class='iconlist-timeline'><\/div><\/li>\n<li><div  class='iconlist_icon  avia-font-entypo-fontello'><span class='iconlist-char ' aria-hidden='true' data-av_icon='\ue916' data-av_iconfont='entypo-fontello'><\/span><\/div><article class=\"article-icon-entry \"  itemscope=\"itemscope\" itemtype=\"https:\/\/schema.org\/CreativeWork\" ><div class='iconlist_content_wrap'><header class=\"entry-content-header\"><h4 class='av_iconlist_title iconlist_title  '  itemprop=\"headline\"  ><a href='http:\/\/s950243443.websitehome.co.uk\/de\/messonghi-corfu-spa\/' title='Four Elements Spa'>Four Elements Spa<\/a><\/h4><\/header><div class='iconlist_content  '  itemprop=\"text\"  ><p><span style=\"color: #333333;\">Verw\u00f6hnen Sie Ihre Sinne in unserem Wellnessbereich Four Elements Spa<\/span><\/p>\n<\/div><\/div><footer class=\"entry-footer\"><\/footer><\/article><div class='iconlist-timeline'><\/div><\/li>\n<\/ul><\/div><\/div>\n<\/div><\/div><\/div><!-- close content main div --><\/div><\/div><div id='after_section_1' class='main_color av_default_container_wrap container_wrap sidebar_right' style=' '   style=' ' ><div class='container' ><div class='template-page content  av-content-small alpha units'><div class='post-entry post-entry-type-page post-entry-3272'><div class='entry-content-wrapper clearfix'>\n","protected":false},"excerpt":{"rendered":"","protected":false},"author":1,"featured_media":0,"parent":0,"menu_order":0,"comment_status":"open","ping_status":"open","template":"","meta":{"footnotes":""},"class_list":["post-3272","page","type-page","status-publish","hentry"],"_links":{"self":[{"href":"https:\/\/ionianeye.com\/de\/wp-json\/wp\/v2\/pages\/3272","targetHints":{"allow":["GET"]}}],"collection":[{"href":"https:\/\/ionianeye.com\/de\/wp-json\/wp\/v2\/pages"}],"about":[{"href":"https:\/\/ionianeye.com\/de\/wp-json\/wp\/v2\/types\/page"}],"author":[{"embeddable":true,"href":"https:\/\/ionianeye.com\/de\/wp-json\/wp\/v2\/users\/1"}],"replies":[{"embeddable":true,"href":"https:\/\/ionianeye.com\/de\/wp-json\/wp\/v2\/comments?post=3272"}],"version-history":[{"count":11,"href":"https:\/\/ionianeye.com\/de\/wp-json\/wp\/v2\/pages\/3272\/revisions"}],"predecessor-version":[{"id":3782,"href":"https:\/\/ionianeye.com\/de\/wp-json\/wp\/v2\/pages\/3272\/revisions\/3782"}],"wp:attachment":[{"href":"https:\/\/ionianeye.com\/de\/wp-json\/wp\/v2\/media?parent=3272"}],"curies":[{"name":"wp","href":"https:\/\/api.w.org\/{rel}","templated":true}]}}